{"id":1036,"date":"2017-03-22T11:30:30","date_gmt":"2017-03-22T10:30:30","guid":{"rendered":"http:\/\/2017.lublin.wordcamp.org\/?page_id=1036"},"modified":"2017-03-22T12:20:21","modified_gmt":"2017-03-22T11:20:21","slug":"promuj-wordcampa","status":"publish","type":"page","link":"https:\/\/lublin.wordcamp.org\/2017\/promuj-wordcampa\/","title":{"rendered":"Promuj WordCampa"},"content":{"rendered":"<p>Jak mo\u017cesz pom\u00f3c w promocji <strong>WordCampa<\/strong>?<\/p>\n<p>To proste:<\/p>\n<ol>\n<li>udost\u0119pnij informacj\u0119 o konferencji na swoim ulubionym\u00a0<strong>profilu spo\u0142eczno\u015bciowym<\/strong><\/li>\n<li>opowiedz o wydarzeniu znajomym i <strong>zapro\u015b ich do udzia\u0142u<\/strong> &#8211; wiesz, \u017ce warto \ud83d\ude42<\/li>\n<li>ustaw poni\u017csz\u0105 grafik\u0119 jako &#8222;zdj\u0119cie w tle&#8221; na swoim profilu na <strong>Facebooku<\/strong><\/li>\n<\/ol>\n<p><a href=\"https:\/\/i0.wp.com\/2017.lublin.wordcamp.org\/files\/2017\/03\/wcl2017-uczestnik.png\"><img data-recalc-dims=\"1\" decoding=\"async\" src=\"https:\/\/i0.wp.com\/2017.lublin.wordcamp.org\/files\/2017\/03\/wcl2017-uczestnik.png?w=740\" alt=\"WordCamp Lublin 2017 - uczestnik\" \/><\/a><\/p>\n","protected":false},"excerpt":{"rendered":"<p>Jak mo\u017cesz pom\u00f3c w promocji WordCampa? To proste: udost\u0119pnij informacj\u0119 o konferencji na swoim ulubionym\u00a0profilu spo\u0142eczno\u015bciowym opowiedz o wydarzeniu znajomym i zapro\u015b ich do udzia\u0142u &#8211; wiesz, \u017ce warto \ud83d\ude42 ustaw poni\u017csz\u0105 grafik\u0119 jako &#8222;zdj\u0119cie w tle&#8221; na swoim profilu na Facebooku<\/p>\n","protected":false},"author":14983329,"featured_media":0,"parent":0,"menu_order":0,"comment_status":"closed","ping_status":"closed","template":"","meta":{"jetpack_post_was_ever_published":false,"footnotes":""},"class_list":["post-1036","page","type-page","status-publish","hentry"],"jetpack_sharing_enabled":true,"_links":{"self":[{"href":"https:\/\/lublin.wordcamp.org\/2017\/wp-json\/wp\/v2\/pages\/1036","targetHints":{"allow":["GET"]}}],"collection":[{"href":"https:\/\/lublin.wordcamp.org\/2017\/wp-json\/wp\/v2\/pages"}],"about":[{"href":"https:\/\/lublin.wordcamp.org\/2017\/wp-json\/wp\/v2\/types\/page"}],"author":[{"embeddable":true,"href":"https:\/\/lublin.wordcamp.org\/2017\/wp-json\/wp\/v2\/users\/14983329"}],"replies":[{"embeddable":true,"href":"https:\/\/lublin.wordcamp.org\/2017\/wp-json\/wp\/v2\/comments?post=1036"}],"version-history":[{"count":10,"href":"https:\/\/lublin.wordcamp.org\/2017\/wp-json\/wp\/v2\/pages\/1036\/revisions"}],"predecessor-version":[{"id":1049,"href":"https:\/\/lublin.wordcamp.org\/2017\/wp-json\/wp\/v2\/pages\/1036\/revisions\/1049"}],"wp:attachment":[{"href":"https:\/\/lublin.wordcamp.org\/2017\/wp-json\/wp\/v2\/media?parent=1036"}],"curies":[{"name":"wp","href":"https:\/\/api.w.org\/{rel}","templated":true}]}}