{"id":116,"date":"2017-02-04T21:55:46","date_gmt":"2017-02-04T20:55:46","guid":{"rendered":"http:\/\/2017.lublin.wordcamp.org\/?page_id=116"},"modified":"2017-06-14T13:38:36","modified_gmt":"2017-06-14T11:38:36","slug":"organizatorzy","status":"publish","type":"page","link":"https:\/\/lublin.wordcamp.org\/2017\/organizatorzy\/","title":{"rendered":"Organizatorzy"},"content":{"rendered":"<h2>Koordynator<\/h2>\n<hr \/>\n\t<div class=\"wcorg-organizers\">\n\n\t\t\n\t\t\t<div class=\"wcorg-organizer\">\n\t\t\t\t<h2>Szymon Skulimowski<\/h2>\n\t\t\t\t<div class=\"wcorg-organizer-description\">\n\t\t\t\t\t\t\t\t\t\t<img alt='' src='https:\/\/secure.gravatar.com\/avatar\/8c2b2b9545ced6074234d5352f496c8f047191b22633b1ea8cc2819bd48a15fe?s=96&#038;d=mm&#038;r=g' srcset='https:\/\/secure.gravatar.com\/avatar\/8c2b2b9545ced6074234d5352f496c8f047191b22633b1ea8cc2819bd48a15fe?s=192&#038;d=mm&#038;r=g 2x' class='avatar avatar-96 photo' height='96' width='96' \/>\t\t\t\t\t<p>Wolny strzelec od WordPressa. Udziela si\u0119 jako wolontariusz i pomaga rozwija\u0107 WordPressa oraz skupion\u0105 wok\u00f3\u0142 niego spo\u0142eczno\u015b\u0107. Organizator lokalnych spotka\u0144 WordUp Lublin, autor bloga <a href=\"https:\/\/wpninja.pl\/\">WPNinja<\/a>. W wolnym czasie pomaga rozwija\u0107 <a href=\"https:\/\/domowejroboty.pl\/\" rel=\"nofollow\">DomowejRoboty<\/a>. <\/p>\n\t\t\t\t<\/div>\n\t\t\t<\/div>\n\n\t\t\n\t<\/div><!-- .wcorg-organizers -->\n\t\n<h2>Organizatorzy<\/h2>\n<hr \/>\n\t<div class=\"wcorg-organizers\">\n\n\t\t\n\t\t\t<div class=\"wcorg-organizer\">\n\t\t\t\t<h2>Stanis\u0142aw Skulimowski<\/h2>\n\t\t\t\t<div class=\"wcorg-organizer-description\">\n\t\t\t\t\t\t\t\t\t\t<img alt='' src='https:\/\/secure.gravatar.com\/avatar\/796c6ee7c5395500adb79ba524d6d9a1b8b3a6df6cb231513c660e4efca115b1?s=96&#038;d=mm&#038;r=g' srcset='https:\/\/secure.gravatar.com\/avatar\/796c6ee7c5395500adb79ba524d6d9a1b8b3a6df6cb231513c660e4efca115b1?s=192&#038;d=mm&#038;r=g 2x' class='avatar avatar-96 photo' height='96' width='96' \/>\t\t\t\t\t<p>Z zami\u0142owania grafik 2d i skryptowiec. Jest te\u017c wiceprezesem fundacji Lublin GameDev, zajmuj\u0105cej si\u0119 budowaniem potencja\u0142u przemys\u0142u kreatywnego w&nbsp;Lublinie i regionie. W wolnym czasie tworzy gry oparte na HTML5 i rysuje na live streamach. Na co dzie\u0144 pracuje na Politechnice Lubelskiej na stanowisku naukowo-badawczym w Instytucie Informatyki Wydzia\u0142u Elektrotechniki i&nbsp;Informatyki.<\/p>\n\t\t\t\t<\/div>\n\t\t\t<\/div>\n\n\t\t\n\t\t\t<div class=\"wcorg-organizer\">\n\t\t\t\t<h2>Jakub Milczarek<\/h2>\n\t\t\t\t<div class=\"wcorg-organizer-description\">\n\t\t\t\t\t\t\t\t\t\t<img alt='' src='https:\/\/secure.gravatar.com\/avatar\/5f6360deff9fb76c1f1ac0c6c37cdf7ccd1ed783e3e4de50ebab7dd7c0ee3c2d?s=96&#038;d=mm&#038;r=g' srcset='https:\/\/secure.gravatar.com\/avatar\/5f6360deff9fb76c1f1ac0c6c37cdf7ccd1ed783e3e4de50ebab7dd7c0ee3c2d?s=192&#038;d=mm&#038;r=g 2x' class='avatar avatar-96 photo' height='96' width='96' \/>\t\t\t\t\t<p>Mi\u0142o\u015bnik wszystkiego co zwi\u0105zane ze sprawami u\u017cyteczno\u015bci, a tak\u017ce specjalista z dziedziny fizykochemii kryminalistycznej. Stronami internetowymi zajmuje si\u0119 od 1997 roku, a z samym WordPressem zaprzyja\u017ani\u0142 si\u0119 ju\u017c w 2007 roku. Mia\u0142 zaszczyt by\u0107 szefem organizacji pierwszej edycji WordCamp Polska w 2010 roku, a w latach 2010-2012 prowadzi\u0142 z sukcesami firm\u0119 WP-Expert, jest cz\u0142onkiem User Experience Professionals Association. Obecnie pracuje jako UX Specialist w OnTheGoSystems i na Politechnice \u0141\u00f3dzkiej. W wolnych chwilach zdobywa Koron\u0119 Europy, poszukuje skrzynek OpenCaching i bloguje jako <a href=\"http:\/\/blog.milczarek.eu\/\">Lodzermensch<\/a>.<\/p>\n\t\t\t\t<\/div>\n\t\t\t<\/div>\n\n\t\t\n\t\t\t<div class=\"wcorg-organizer\">\n\t\t\t\t<h2>Mariusz Szatkowski<\/h2>\n\t\t\t\t<div class=\"wcorg-organizer-description\">\n\t\t\t\t\t\t\t\t\t\t<img alt='' src='https:\/\/secure.gravatar.com\/avatar\/f36d29de5c13afd86496da617f5452e4cd45a7b17e23377b02819689c642393b?s=96&#038;d=mm&#038;r=g' srcset='https:\/\/secure.gravatar.com\/avatar\/f36d29de5c13afd86496da617f5452e4cd45a7b17e23377b02819689c642393b?s=192&#038;d=mm&#038;r=g 2x' class='avatar avatar-96 photo' height='96' width='96' \/>\t\t\t\t\t<p>WordPress Developer, tworzy wieloj\u0119zykowe, responsywne witryny, sklepy internetowe oraz aplikacje mobilne, modyfikuj\u0105c frontend jak i backend serwis\u00f3w pod indywidualne potrzeby klienta. Projektuje grafik\u0119, mikroanimacje i architektur\u0119 informacji w witrynach, optymalizuje kod witryny pod SEO. \u0141ata dziury w oprogramowaniu, zabezpiecza i naprawia serwisy www po w\u0142amaniach. Od 1996r. tworzy strony www i kampanie online, a od 2007 roku w\u00a0ramach trojmiasto.us migruje i kastomizuje strony klient\u00f3w do WordPressa, szkoli, doradza i optymalizuje nak\u0142ady inwestycyjne na nowoczesne rozwi\u0105zania komunikacyjne w marketingu internetowym.<\/p>\n<p>Wi\u0119cej: <a href=\"https:\/\/www.wppoland.com\/\">wppoland.com<\/a><\/p>\n\t\t\t\t<\/div>\n\t\t\t<\/div>\n\n\t\t\n\t\t\t<div class=\"wcorg-organizer\">\n\t\t\t\t<h2>Kasia Aleszczyk<\/h2>\n\t\t\t\t<div class=\"wcorg-organizer-description\">\n\t\t\t\t\t\t\t\t\t\t<img alt='' src='https:\/\/secure.gravatar.com\/avatar\/c3e918f327759cd4fe9aa0b00d86751fbad71db58ba02cf09a625025dd36b684?s=96&#038;d=mm&#038;r=g' srcset='https:\/\/secure.gravatar.com\/avatar\/c3e918f327759cd4fe9aa0b00d86751fbad71db58ba02cf09a625025dd36b684?s=192&#038;d=mm&#038;r=g 2x' class='avatar avatar-96 photo' height='96' width='96' \/>\t\t\t\t\t<p>Niepoprawna optymistka zakochana w WordPressie od pierwszego wejrzenia. Od kilku lat pod\u0105\u017ca za swoimi marzeniami. Na co dzie\u0144 pomaga (nie tylko) blogerom oswaja\u0107 WordPressa na blogu <a href=\"http:\/\/kasiaaleszczyk.pl\/\">KasiaAleszczyk.pl<\/a> oraz prowadzi <a href=\"http:\/\/darmowemotywywp.pl\/\">DarmoweMotywyWP.pl<\/a>. Wsp\u00f3\u0142organizatorka spotka\u0144 WordUp Silesia i&nbsp;organizatorka warsztat\u00f3w Silesian WordPress Training Day. Po nocach uwielbia czyta\u0107 dobre krymina\u0142y.<\/p>\n\t\t\t\t<\/div>\n\t\t\t<\/div>\n\n\t\t\n\t\t\t<div class=\"wcorg-organizer\">\n\t\t\t\t<h2>Katarzyna Gajewska<\/h2>\n\t\t\t\t<div class=\"wcorg-organizer-description\">\n\t\t\t\t\t\t\t\t\t\t<img alt='' src='https:\/\/secure.gravatar.com\/avatar\/dfd93f238ac240412a073bcfa382754e1511fc4f09aa623817d2a6a74dc71d7f?s=96&#038;d=mm&#038;r=g' srcset='https:\/\/secure.gravatar.com\/avatar\/dfd93f238ac240412a073bcfa382754e1511fc4f09aa623817d2a6a74dc71d7f?s=192&#038;d=mm&#038;r=g 2x' class='avatar avatar-96 photo' height='96' width='96' \/>\t\t\t\t\t<p>W \u017cyciu zawodowym zajmuje si\u0119 wspieraniem startup\u00f3w i pocz\u0105tkuj\u0105cych przedsi\u0119biorc\u00f3w. Koordynatorka WordCamp Gdynia oraz WordUp Tr\u00f3jmiasto. Jest autork\u0105 bloga <a href=\"http:\/\/gajapisze.pl\/\">gajapisze.pl<\/a>. Mi\u0142o\u015bniczka WordPressa oraz Gwiezdnych Wojen.<\/p>\n\t\t\t\t<\/div>\n\t\t\t<\/div>\n\n\t\t\n\t\t\t<div class=\"wcorg-organizer\">\n\t\t\t\t<h2>Andrzej Kidaj<\/h2>\n\t\t\t\t<div class=\"wcorg-organizer-description\">\n\t\t\t\t\t\t\t\t\t\t<img alt='' src='https:\/\/secure.gravatar.com\/avatar\/?s=96&#038;d=mm&#038;r=g' srcset='https:\/\/secure.gravatar.com\/avatar\/?s=192&#038;d=mm&#038;r=g 2x' class='avatar avatar-96 photo avatar-default' height='96' width='96' \/>\t\t\t\t\t<p>Grafik, poligraf, sko\u0144czony DTPowiec, autor CMS-a <a href=\"http:\/\/alib.ad3.eu\">Alib CyMeS<\/a>, bloger i&nbsp;freelancer. Prowadzi Studio Graficzne <a href=\"http:\/\/ad3.eu\">Andy Design<\/a>. Posiadacz pi\u0119knej \u017cony, dw\u00f3ch charakternych kotek i&nbsp;cudownej c\u00f3rki. Podobno ma poczucie humoru, ale z\u0142o\u015bliwi twierdz\u0105, \u017ce to plotki i&nbsp;pom\u00f3wienia. Otwarty na r\u00f3\u017cne pomys\u0142y, zamkni\u0119ty w sobie, ale jak si\u0119 rozkr\u0119ci to gadu\u0142a. Cynik i&nbsp;sceptyk &#8211; cokolwiek to znaczy. Pe\u0142no go w sieci: du\u017co <a href=\"http:\/\/kidaj.ad3.eu\">bloguje graficznie<\/a> i&nbsp;udziela si\u0119 na <a href=\"https:\/\/www.facebook.com\/andyk77\">Facebooku<\/a> i&nbsp;na <a href=\"https:\/\/www.instagram.com\/andy.design.photo\">Instagramie<\/a>.<\/p>\n\t\t\t\t<\/div>\n\t\t\t<\/div>\n\n\t\t\n\t\t\t<div class=\"wcorg-organizer\">\n\t\t\t\t<h2>Magdalena Paciorek<\/h2>\n\t\t\t\t<div class=\"wcorg-organizer-description\">\n\t\t\t\t\t\t\t\t\t\t<img alt='' src='https:\/\/secure.gravatar.com\/avatar\/43dacba6ead4e05bdfa29c0a3b0247ed3f2f031c1572eae667387eb56b6e7089?s=96&#038;d=mm&#038;r=g' srcset='https:\/\/secure.gravatar.com\/avatar\/43dacba6ead4e05bdfa29c0a3b0247ed3f2f031c1572eae667387eb56b6e7089?s=192&#038;d=mm&#038;r=g 2x' class='avatar avatar-96 photo' height='96' width='96' \/>\t\t\t\t\t<p>WordPress freelancer. Wsp\u00f3\u0142organizatorka <a href=\"http:\/\/wordup-poznan.pl\">WordUp Pozna\u0144<\/a> &#8211; lokalnych spotka\u0144 spo\u0142eczno\u015bci WordPressa. Cz\u0119sta bywalczyni meetup\u00f3w startupowo-technologicznych, na kt\u00f3rych wyst\u0119puje te\u017c czasem w roli prelegentki.<\/p>\n\t\t\t\t<\/div>\n\t\t\t<\/div>\n\n\t\t\n\t\t\t<div class=\"wcorg-organizer\">\n\t\t\t\t<h2>Maciej Swoboda<\/h2>\n\t\t\t\t<div class=\"wcorg-organizer-description\">\n\t\t\t\t\t\t\t\t\t\t<img alt='' src='https:\/\/secure.gravatar.com\/avatar\/b302c52241eb77753cf8ef24e28a425a04c21c979a695c5127f8809bca995c3b?s=96&#038;d=mm&#038;r=g' srcset='https:\/\/secure.gravatar.com\/avatar\/b302c52241eb77753cf8ef24e28a425a04c21c979a695c5127f8809bca995c3b?s=192&#038;d=mm&#038;r=g 2x' class='avatar avatar-96 photo' height='96' width='96' \/>\t\t\t\t\t<p>Zakochany w WordPressie od 2006 roku. Uwielbia prostot\u0119 i funkcjonalno\u015b\u0107, nie tylko w Internecie. Na co dzie\u0144 zawodowo rozwija <a href=\"https:\/\/www.wpdesk.pl\/\" rel=\"nofollow\">WP Deska<\/a>, a prywatnie je\u017adzi du\u017co na rowerze, podr\u00f3\u017cuje z \u017con\u0105 i piecze domowy chleb na zakwasie.<\/p>\n\t\t\t\t<\/div>\n\t\t\t<\/div>\n\n\t\t\n\t\t\t<div class=\"wcorg-organizer\">\n\t\t\t\t<h2>Izabela Karkocha<\/h2>\n\t\t\t\t<div class=\"wcorg-organizer-description\">\n\t\t\t\t\t\t\t\t\t\t<img alt='' src='https:\/\/secure.gravatar.com\/avatar\/5f12e836d584049028ed7bb9d8f4cb3ba33af536bb0b0babfbe9e2a41ed67088?s=96&#038;d=mm&#038;r=g' srcset='https:\/\/secure.gravatar.com\/avatar\/5f12e836d584049028ed7bb9d8f4cb3ba33af536bb0b0babfbe9e2a41ed67088?s=192&#038;d=mm&#038;r=g 2x' class='avatar avatar-96 photo' height='96' width='96' \/>\t\t\t\t\t<p>Tw\u00f3rczyni marki <a href=\"http:\/\/kodografia.com\/\">kodografia.com<\/a>. Front-end i WordPress developer. Z&nbsp;przyjemno\u015bci\u0105 dzieli si\u0119 wiedz\u0105 i do\u015bwiadczeniem na spotkaniach takich jak Geek Girls Carrots, WordUp i inne. Wspiera lubelsk\u0105 spo\u0142eczno\u015b\u0107, pomagaj\u0105c w&nbsp;organizacji cyklicznych wydarze\u0144: Social Czwartki, LbnSocial i Wordup Lublin.<\/p>\n\t\t\t\t<\/div>\n\t\t\t<\/div>\n\n\t\t\n\t\t\t<div class=\"wcorg-organizer\">\n\t\t\t\t<h2>Anna Krzysiak<\/h2>\n\t\t\t\t<div class=\"wcorg-organizer-description\">\n\t\t\t\t\t\t\t\t\t\t<img alt='' src='https:\/\/secure.gravatar.com\/avatar\/?s=96&#038;d=mm&#038;r=g' srcset='https:\/\/secure.gravatar.com\/avatar\/?s=192&#038;d=mm&#038;r=g 2x' class='avatar avatar-96 photo avatar-default' height='96' width='96' \/>\t\t\t\t\t<p>Z organizacji wydarze\u0144 i event\u00f3w czerpie rado\u015b\u0107 i energi\u0119, udziela si\u0119 organizuj\u0105c lokalne wydarzenia Social Czwartki i LbnSocial. Zawsze u\u015bmiechni\u0119ta i ch\u0119tna do dzia\u0142ania. Od niedawna sama dzia\u0142a i pisze w&nbsp;<a href=\"http:\/\/jakzorganizowac.com\/\">jakzorganizowac.com<\/a><\/p>\n<p>Fascynuj\u0105 j\u0105 nowe media, kocha zwierzaki i jest twinsow\u0105 mam\u0105 \ud83d\ude42<\/p>\n\t\t\t\t<\/div>\n\t\t\t<\/div>\n\n\t\t\n\t\t\t<div class=\"wcorg-organizer\">\n\t\t\t\t<h2>Dariusz Raczkowski<\/h2>\n\t\t\t\t<div class=\"wcorg-organizer-description\">\n\t\t\t\t\t\t\t\t\t\t<img alt='' src='https:\/\/secure.gravatar.com\/avatar\/?s=96&#038;d=mm&#038;r=g' srcset='https:\/\/secure.gravatar.com\/avatar\/?s=192&#038;d=mm&#038;r=g 2x' class='avatar avatar-96 photo avatar-default' height='96' width='96' \/>\t\t\t\t\t<p>Marketingowiec z zawodu, meloman z natury. Wychowa\u0142 si\u0119 na rowerze, dlatego wolno\u015b\u0107 jest dla niego jedn\u0105 z najwa\u017cniejszych warto\u015bci. Ch\u0142onie wszelkie nowo\u015bci: technologiczne, designerskie, kulturalne i kulinarne. Uwielbia ludzi, bez nich \u015bwiat nie by\u0142 by taki ciekawy. Uwiecznia \u017cycie, ludzi, miejsca. Fotografia jest dla niego inspiracj\u0105. Podr\u00f3\u017ce? Ucieka od mainstreamowych miejsc. Lubi odkrywa\u0107 to, co nieodkryte.<\/p>\n<p>Jego tw\u00f3rczo\u015b\u0107 znajdziesz na profilu <a href=\"https:\/\/www.facebook.com\/kochamlub\/\">KochamLublin<\/a> i <a href=\"https:\/\/www.facebook.com\/lublinmono\/\">Lublinmono\u1d3e\u1d34\u1d3c\u1d40\u1d3c<\/a>.<\/p>\n\t\t\t\t<\/div>\n\t\t\t<\/div>\n\n\t\t\n\t\t\t<div class=\"wcorg-organizer\">\n\t\t\t\t<h2>Bartosz Kubisz<\/h2>\n\t\t\t\t<div class=\"wcorg-organizer-description\">\n\t\t\t\t\t\t\t\t\t\t<img alt='' src='https:\/\/secure.gravatar.com\/avatar\/2b830d9519826a63b22f5f3bdcd4cb1d74223de5ea4db956473d04e8e21e246e?s=96&#038;d=mm&#038;r=g' srcset='https:\/\/secure.gravatar.com\/avatar\/2b830d9519826a63b22f5f3bdcd4cb1d74223de5ea4db956473d04e8e21e246e?s=192&#038;d=mm&#038;r=g 2x' class='avatar avatar-96 photo' height='96' width='96' \/>\t\t\t\t\t<p>Na co dzie\u0144 pracuje jako wolny strzelec. WordPressem interesuje si\u0119 od jakiego\u015b czasu, urzek\u0142 go swoj\u0105 popularno\u015bci\u0105 i prostot\u0105. Pasjonat nowych technologii. Lubi dobr\u0105 ksi\u0105\u017ck\u0119 oraz g\u00f3ry.<\/p>\n\t\t\t\t<\/div>\n\t\t\t<\/div>\n\n\t\t\n\t\t\t<div class=\"wcorg-organizer\">\n\t\t\t\t<h2>Piotr Bielecki<\/h2>\n\t\t\t\t<div class=\"wcorg-organizer-description\">\n\t\t\t\t\t\t\t\t\t\t<img alt='' src='https:\/\/secure.gravatar.com\/avatar\/88a75f73707a6e613573357e65352b571b6e3c0d8d134e1e36d303a797d25f1e?s=96&#038;d=mm&#038;r=g' srcset='https:\/\/secure.gravatar.com\/avatar\/88a75f73707a6e613573357e65352b571b6e3c0d8d134e1e36d303a797d25f1e?s=192&#038;d=mm&#038;r=g 2x' class='avatar avatar-96 photo' height='96' width='96' \/>\t\t\t\t\t<p>Od prawie 10 lat zajmuje si\u0119 tworzeniem stron WWW i aplikacji webowych. W&nbsp;swoich projektach najcz\u0119\u015bciej bazuje na WordPress, dzi\u0119ki kt\u00f3remu mo\u017ce ograniczy\u0107 do minimum czas potrzebny na nudne kodowanie tych samych rzeczy i skoncentrowa\u0107 si\u0119 bardziej na kwestiach UX i SEO. Obecnie pracuje jako web developer w Sii Polska oraz rozwija swoje autorskie motywy WordPress pod mark\u0105 <a href=\"https:\/\/rocksite.pro\/\">rocksite.pro<\/a>. Aktywnie uczestniczy w wydarzeniach zwi\u0105zanych ze spo\u0142eczno\u015bci\u0105 WordPress pomagaj\u0105c w organizacji WordUp Lublin oraz WordCamp Lublin.<\/p>\n\t\t\t\t<\/div>\n\t\t\t<\/div>\n\n\t\t\n\t\t\t<div class=\"wcorg-organizer\">\n\t\t\t\t<h2>Mariusz Kiesi\u0144ski<\/h2>\n\t\t\t\t<div class=\"wcorg-organizer-description\">\n\t\t\t\t\t\t\t\t\t\t<img alt='' src='https:\/\/secure.gravatar.com\/avatar\/?s=96&#038;d=mm&#038;r=g' srcset='https:\/\/secure.gravatar.com\/avatar\/?s=192&#038;d=mm&#038;r=g 2x' class='avatar avatar-96 photo avatar-default' height='96' width='96' \/>\t\t\t\t\t<p>Front-end developer w <a href=\"https:\/\/see-me.pl\/\">see-me<\/a> i wolontariusz na WordCamp Lublin. Interesuje si\u0119 bezpiecze\u0144stwem w sieci, WordPressem i nowinkami technologicznymi. Po godzinach geek i mi\u0142o\u015bnik fantastyki.<\/p>\n\t\t\t\t<\/div>\n\t\t\t<\/div>\n\n\t\t\n\t<\/div><!-- .wcorg-organizers -->\n\t\n<h2>Wolontariusze<\/h2>\n<hr \/>\n<ul>\n<li>Krzysiek Kortyna<\/li>\n<li>Maciej Ma\u0107kowiak<\/li>\n<li>Mateusz Pa\u015bciak<\/li>\n<li>Micha\u0142 Pop\u0142awski<\/li>\n<li>Patryk Pa\u015bciak<\/li>\n<li><a href=\"https:\/\/radek024.github.io\/blog\/\">Rados\u0142aw Gryczan<\/a><\/li>\n<li><a href=\"http:\/\/www.codergeek.pl\/\">Tomek St\u0119pi\u0144ski<\/a><\/li>\n<\/ul>\n","protected":false},"excerpt":{"rendered":"<p>Koordynator Organizatorzy Wolontariusze Krzysiek Kortyna Maciej Ma\u0107kowiak Mateusz Pa\u015bciak Micha\u0142 Pop\u0142awski Patryk Pa\u015bciak Rados\u0142aw Gryczan Tomek St\u0119pi\u0144ski<\/p>\n","protected":false},"author":14183078,"featured_media":0,"parent":0,"menu_order":0,"comment_status":"closed","ping_status":"closed","template":"","meta":{"jetpack_post_was_ever_published":false,"footnotes":""},"class_list":["post-116","page","type-page","status-publish","hentry"],"jetpack_sharing_enabled":true,"_links":{"self":[{"href":"https:\/\/lublin.wordcamp.org\/2017\/wp-json\/wp\/v2\/pages\/116","targetHints":{"allow":["GET"]}}],"collection":[{"href":"https:\/\/lublin.wordcamp.org\/2017\/wp-json\/wp\/v2\/pages"}],"about":[{"href":"https:\/\/lublin.wordcamp.org\/2017\/wp-json\/wp\/v2\/types\/page"}],"author":[{"embeddable":true,"href":"https:\/\/lublin.wordcamp.org\/2017\/wp-json\/wp\/v2\/users\/14183078"}],"replies":[{"embeddable":true,"href":"https:\/\/lublin.wordcamp.org\/2017\/wp-json\/wp\/v2\/comments?post=116"}],"version-history":[{"count":11,"href":"https:\/\/lublin.wordcamp.org\/2017\/wp-json\/wp\/v2\/pages\/116\/revisions"}],"predecessor-version":[{"id":3582,"href":"https:\/\/lublin.wordcamp.org\/2017\/wp-json\/wp\/v2\/pages\/116\/revisions\/3582"}],"wp:attachment":[{"href":"https:\/\/lublin.wordcamp.org\/2017\/wp-json\/wp\/v2\/media?parent=116"}],"curies":[{"name":"wp","href":"https:\/\/api.w.org\/{rel}","templated":true}]}}