{"id":1565,"date":"2017-04-25T12:40:48","date_gmt":"2017-04-25T10:40:48","guid":{"rendered":"http:\/\/2017.lublin.wordcamp.org\/?page_id=1565"},"modified":"2017-06-02T09:53:56","modified_gmt":"2017-06-02T07:53:56","slug":"faq","status":"publish","type":"page","link":"https:\/\/lublin.wordcamp.org\/2017\/faq\/","title":{"rendered":"FAQ"},"content":{"rendered":"<h2 id=\"mapa\">Mapa<\/h2>\n<hr \/>\n<p>Mapa z najwa\u017cniejszymi miejscami: <a href=\"https:\/\/www.google.com\/maps\/d\/u\/0\/viewer?mid=1GMKaHByLuQYHSFnoGKb6fko_LAk&amp;ll=51.246983193005065%2C22.548125048657198&amp;z=14\">mapka<\/a><\/p>\n<h2 id=\"contributor\">Contributor Day<\/h2>\n<hr \/>\n<p><strong>Co to jest Contributor Day i jak mog\u0119 wzi\u0105\u0107 w nim udzia\u0142?<\/strong><\/p>\n<p>Contributor Day to czas na prac\u0119 dla WordPress &#8211; szczeg\u00f3\u0142y i zapisy tutaj: <a href=\"https:\/\/2017.lublin.wordcamp.org\/czym-jest-contributor-day\/\">https:\/\/2017.lublin.wordcamp.org\/czym-jest-contributor-day\/<\/a><\/p>\n<p>***<\/p>\n<p><strong>Miejsce i czas<\/strong><\/p>\n<p>Hotel Victoria, pierwsza sala konferencyjna &#8211; pi\u0105tek 02.06 godz., 10.00 &#8211; 18.00<\/p>\n<p>***<\/p>\n<p><strong>Wydarzenie na Facebooku<\/strong><\/p>\n<p>Do\u0142\u0105cz do wydarzenia: <a href=\"https:\/\/www.facebook.com\/events\/291587937961288\/\">https:\/\/www.facebook.com\/events\/291587937961288\/<\/a><\/p>\n<h2 id=\"konferencja\">Konferencja<\/h2>\n<hr \/>\n<p><strong>Rejestracja<\/strong><\/p>\n<p>***<\/p>\n<p>Rejestracja na konferencj\u0119 b\u0119dzie czynna od godziny. 9.30 w sobot\u0119 03.06.<br \/>\nNie trzeba drukowa\u0107 biletu, wystarczy poda\u0107 imi\u0119 i nazwisko.<br \/>\nRejestracja b\u0119dzie podzielona alfabetycznie.<br \/>\nOpr\u00f3cz identyfikatora dostaniesz koszulk\u0119 w rozmiarze zadeklarowanym podczas zakupu biletu.<br \/>\nNaklejki, przypinki i inne gad\u017cety b\u0119d\u0105 dost\u0119pne na specjalnych stolikach oraz stoiskach sponsor\u00f3w.<\/p>\n<p>***<\/p>\n<p><strong>Program konferencji<\/strong><\/p>\n<p>Pe\u0142n\u0105 agend\u0119 znajdziecie tu:<br \/>\n<a href=\"https:\/\/2017.lublin.wordcamp.org\/program\/\">https:\/\/2017.lublin.wordcamp.org\/program\/<\/a><\/p>\n<p>***<\/p>\n<p><strong>Kto b\u0119dzie<\/strong><\/p>\n<p>Lista uczestnik\u00f3w:<br \/>\n<a href=\"https:\/\/2017.lublin.wordcamp.org\/uczestnicy\/\">https:\/\/2017.lublin.wordcamp.org\/uczestnicy\/<\/a><\/p>\n<p>***<\/p>\n<p><strong>Kodeks post\u0119powania podczas WordCampa<\/strong><br \/>\n<a href=\"https:\/\/2017.lublin.wordcamp.org\/zasady-postepowania\/\">https:\/\/2017.lublin.wordcamp.org\/zasady-postepowania\/<\/a><\/p>\n<h2 id=\"party\">Imprezy towarzysz\u0105ce<\/h2>\n<hr>\n<p><strong>Before Party<\/strong> &#8211; Bo trzeba si\u0119 lepiej pozna\u0107 przed konferencj\u0105!<\/p>\n<p><strong>Gdzie?<\/strong> Trybunalska Cafe na starym mie\u015bcie &#8211; pi\u0105tek 02.06,  godz. 20.00<br \/>\nDo\u0142\u0105cz do wydarzenia:  <a href=\"https:\/\/www.facebook.com\/events\/2434572506683446\/\">https:\/\/www.facebook.com\/events\/2434572506683446\/<\/a><\/p>\n<p>***<\/p>\n<p><strong>Kolacja dla go\u015bci specjalnych<\/strong> &#8211; wsp\u00f3lna kolacja, sponsor\u00f3w, organizator\u00f3w i prelegent\u00f3w &#8211; zaproszenia b\u0119d\u0105 do\u0142\u0105czane do identyfikator\u00f3w.<br \/>\n<strong>Gdzie?<\/strong> Hotel Victoria &#8211; sala konferencyjna C, sobota 04.06, godz. 19.00<\/p>\n<p>***<\/p>\n<p><strong>Middle Party<\/strong> &#8211; Relax po pierwszym dniu, rozmowy i dyskusje ze starymi i nowymi znajomymi od WordPress! Dla wszystkich uczestnik\u00f3w konferencji.<br \/>\nGrill i karaoke na dachu!<br \/>\n<strong>Gdzie?<\/strong> Taras widokowy hotelu Victoria (na dachu) &#8211; sobota 03.06, godz. 20.30<br \/>\nDo\u0142\u0105cz do wydarzenia:  <a href=\"https:\/\/www.facebook.com\/events\/664664993727247\/\">https:\/\/www.facebook.com\/events\/664664993727247\/<\/a><\/p>\n<p>***<\/p>\n<p><strong>After Party<\/strong> &#8211; Z tymi, kt\u00f3rzy zostan\u0105 po konferencji w niedziel\u0119 spotykamy si\u0119 w restauracji i lobby hotelu Victoria.<\/p>\n<h2 id=\"nocleg\">Nocleg<\/h2>\n<hr \/>\n<p><strong>Czy uczestnicy konferencji\u00a0maj\u0105 zni\u017cki na nocleg?<\/strong><\/p>\n<p>Tak,\u00a0aby otrzyma\u0107 zni\u017ck\u0119 nale\u017cy przy sk\u0142adaniu zam\u00f3wienia poda\u0107 has\u0142o &#8222;WordCamp&#8221;:<\/p>\n<ul>\n<li><a href=\"http:\/\/www.victorialublin.pl\/\">Hotel Victoria<\/a> (***) &#8211; miejsce konferencji i wieczornej imprezy\n<ul>\n<li>pok\u00f3j 2-os. ze \u015bniadaniem &#8211; 160 z\u0142<\/li>\n<li>pok\u00f3j 3-os. ze \u015bniadaniem &#8211; 230 z\u0142<\/li>\n<li>pok\u00f3j 1-os. \u201eeconomy\u201d ze \u015bniadaniem &#8211; 135 z\u0142<\/li>\n<li>pok\u00f3j 1-os. \u201estandard\u201d ze \u015bniadaniem &#8211; 190 z\u0142<\/li>\n<\/ul>\n<\/li>\n<li><a href=\"https:\/\/www.campanile.com\/pl\/hotels\/campanile-lublin\">Hotel Campanile<\/a> (***)\n<ul>\n<li>pok\u00f3j 1-os. ze \u015bniadaniem &#8211; 155 z\u0142<\/li>\n<li>pok\u00f3j 2-os. ze \u015bniadaniem &#8211; 180 z\u0142<\/li>\n<li>pok\u00f3j 3-os. ze \u015bniadaniem &#8211; 235 z\u0142<\/li>\n<\/ul>\n<\/li>\n<li><a href=\"http:\/\/www.hotelewam.pl\/619-hotel-huzar-lublin.html\">Hotel Huzar<\/a> (***)\n<ul>\n<li>pok\u00f3j 1-os. ze \u015bniadaniem &#8211; 140 z\u0142<\/li>\n<li>pok\u00f3j 2-os. ze \u015bniadaniem &#8211; 180 z\u0142<\/li>\n<li>pok\u00f3j 3-os. ze \u015bniadaniem &#8211; 230 z\u0142<\/li>\n<\/ul>\n<\/li>\n<li><a href=\"http:\/\/www.centhostel.pl\/\">Hostel Cent<\/a>\n<ul>\n<li>10%\u00a0zni\u017cki<\/li>\n<\/ul>\n<\/li>\n<li><a href=\"https:\/\/www.facebook.com\/Centrum51.pokojegoscinne\/\">Hostel Centrum 51<\/a>\n<ul>\n<li>50 z\u0142 \/ os.<\/li>\n<\/ul>\n<\/li>\n<\/ul>\n<p>&nbsp;<\/p>\n<h2 id=\"bilety\">Bilety<\/h2>\n<hr \/>\n<p><strong>Czy za bilet mo\u017cna zap\u0142aci\u0107 w inny spos\u00f3b ni\u017c PayPal?<\/strong><\/p>\n<p>Nie, p\u0142atno\u015bci mo\u017cna dokonywa\u0107 jedynie poprzez system PayPal.<\/p>\n<p>***<\/p>\n<p><strong>Czy po zakupie otrzymam na maila potwierdzenie? Czy nale\u017cy drukowa\u0107 bilet?<\/strong><\/p>\n<p>Po zakupie biletu potwierdzenie przesy\u0142ane jest na podany w formularzu adres mailowy. Nie ma potrzeby drukowania potwierdze\u0144. Po przybyciu na miejsce konferencji prosimy o zg\u0142oszenie si\u0119 do punktu rejestracji uczestnik\u00f3w.<\/p>\n<p>***<\/p>\n<p><strong>Czy mog\u0119 otrzyma\u0107 potwierdzenie zakupu w formie faktury?<\/strong><\/p>\n<p>Tak, aby otrzyma\u0107 faktur\u0119, nale\u017cy wype\u0142ni\u0107 poni\u017cszy formularz:<br \/>\n<a href=\"https:\/\/2017.lublin.wordcamp.org\/bilety\/faktury\/\">https:\/\/2017.lublin.wordcamp.org\/bilety\/faktury\/<\/a><\/p>\n<p>***<\/p>\n<p><strong>Kupi\u0142em bilet, ale nie otrzyma\u0142em potwierdzenia mailowego. Co mam zrobi\u0107?<\/strong><\/p>\n<p>Prosimy o bezpo\u015bredni kontakt z organizatorami:<br \/>\n<a href=\"https:\/\/2017.lublin.wordcamp.org\/kontakt\/\">https:\/\/2017.lublin.wordcamp.org\/kontakt\/<\/a><\/p>\n<p>***<\/p>\n<p><strong id=\"bilety-zwrot\">W jaki spos\u00f3b dokona\u0107 zwrotu biletu?<\/strong><\/p>\n<p>Aby dokona\u0107 zwrotu nale\u017cy:<\/p>\n<ol>\n<li>odszuka\u0107 mail potwierdzaj\u0105cy rejestracj\u0119 i klikn\u0105\u0107 znajduj\u0105cy si\u0119 w tre\u015bci link, kt\u00f3ry umo\u017cliwia\u00a0zmian\u0119 szczeg\u00f3\u0142\u00f3w biletu,<\/li>\n<li>na nowo otwartej stronie klikn\u0105\u0107 link &#8222;Zmiana plan\u00f3w? Pomyli\u0142e\u015b si\u0119? Nie przejmuj si\u0119, mo\u017cesz poprosi\u0107 o zwrot&#8221;, kt\u00f3ry znajduje si\u0119 pod tabelk\u0105 z podsumowaniem,<\/li>\n<li>na nowo otwartej stronie wype\u0142ni\u0107 formularz zwrotu (nie trzeba podawa\u0107 powodu, zwrot przyznawany jest automatycznie).<\/li>\n<\/ol>\n<p>Zwrot\u00f3w bilet\u00f3w mo\u017cna dokonywa\u0107 w ci\u0105gu 60 dni od dnia zakupu, ale nie p\u00f3\u017aniej ni\u017c 19 maja, czyli 2 tygodnie przed konferencj\u0105.<\/p>\n<h2 id=\"nocleg\"><\/h2>\n","protected":false},"excerpt":{"rendered":"<p>Mapa Mapa z najwa\u017cniejszymi miejscami: mapka Contributor Day Co to jest Contributor Day i jak mog\u0119 wzi\u0105\u0107 w nim udzia\u0142? Contributor Day to czas na prac\u0119 dla WordPress &#8211; szczeg\u00f3\u0142y i zapisy tutaj: https:\/\/2017.lublin.wordcamp.org\/czym-jest-contributor-day\/ *** Miejsce i czas Hotel Victoria, pierwsza sala konferencyjna &#8211; pi\u0105tek 02.06 godz., 10.00 &#8211; 18.00 *** Wydarzenie na Facebooku Do\u0142\u0105cz &hellip; <\/p>\n<p class=\"link-more\"><a href=\"https:\/\/lublin.wordcamp.org\/2017\/faq\/\" class=\"more-link\">Czytaj dalej<span class=\"screen-reader-text\"> \u201eFAQ\u201d<\/span><\/a><\/p>\n","protected":false},"author":13205134,"featured_media":0,"parent":0,"menu_order":0,"comment_status":"closed","ping_status":"closed","template":"","meta":{"jetpack_post_was_ever_published":false,"footnotes":""},"class_list":["post-1565","page","type-page","status-publish","hentry"],"jetpack_sharing_enabled":true,"_links":{"self":[{"href":"https:\/\/lublin.wordcamp.org\/2017\/wp-json\/wp\/v2\/pages\/1565","targetHints":{"allow":["GET"]}}],"collection":[{"href":"https:\/\/lublin.wordcamp.org\/2017\/wp-json\/wp\/v2\/pages"}],"about":[{"href":"https:\/\/lublin.wordcamp.org\/2017\/wp-json\/wp\/v2\/types\/page"}],"author":[{"embeddable":true,"href":"https:\/\/lublin.wordcamp.org\/2017\/wp-json\/wp\/v2\/users\/13205134"}],"replies":[{"embeddable":true,"href":"https:\/\/lublin.wordcamp.org\/2017\/wp-json\/wp\/v2\/comments?post=1565"}],"version-history":[{"count":31,"href":"https:\/\/lublin.wordcamp.org\/2017\/wp-json\/wp\/v2\/pages\/1565\/revisions"}],"predecessor-version":[{"id":2702,"href":"https:\/\/lublin.wordcamp.org\/2017\/wp-json\/wp\/v2\/pages\/1565\/revisions\/2702"}],"wp:attachment":[{"href":"https:\/\/lublin.wordcamp.org\/2017\/wp-json\/wp\/v2\/media?parent=1565"}],"curies":[{"name":"wp","href":"https:\/\/api.w.org\/{rel}","templated":true}]}}