{"id":2708,"date":"2017-06-02T23:04:34","date_gmt":"2017-06-02T21:04:34","guid":{"rendered":"http:\/\/2017.lublin.wordcamp.org\/?page_id=2708"},"modified":"2017-06-10T16:21:18","modified_gmt":"2017-06-10T14:21:18","slug":"wapuu","status":"publish","type":"page","link":"https:\/\/lublin.wordcamp.org\/2017\/wapuu\/","title":{"rendered":"Wapuu"},"content":{"rendered":"<p><img data-recalc-dims=\"1\" loading=\"lazy\" decoding=\"async\" data-attachment-id=\"2710\" data-permalink=\"https:\/\/lublin.wordcamp.org\/2017\/wapuu\/image1\/\" data-orig-file=\"https:\/\/i0.wp.com\/lublin.wordcamp.org\/2017\/files\/2017\/06\/image1.png?fit=1078%2C514&amp;ssl=1\" data-orig-size=\"1078,514\" data-comments-opened=\"1\" data-image-meta=\"{&quot;aperture&quot;:&quot;0&quot;,&quot;credit&quot;:&quot;&quot;,&quot;camera&quot;:&quot;&quot;,&quot;caption&quot;:&quot;&quot;,&quot;created_timestamp&quot;:&quot;0&quot;,&quot;copyright&quot;:&quot;&quot;,&quot;focal_length&quot;:&quot;0&quot;,&quot;iso&quot;:&quot;0&quot;,&quot;shutter_speed&quot;:&quot;0&quot;,&quot;title&quot;:&quot;&quot;,&quot;orientation&quot;:&quot;0&quot;}\" data-image-title=\"image1\" data-image-description=\"\" data-image-caption=\"\" data-medium-file=\"https:\/\/i0.wp.com\/lublin.wordcamp.org\/2017\/files\/2017\/06\/image1.png?fit=370%2C176&amp;ssl=1\" data-large-file=\"https:\/\/i0.wp.com\/lublin.wordcamp.org\/2017\/files\/2017\/06\/image1.png?fit=740%2C353&amp;ssl=1\" class=\"alignnone wp-image-2710 size-full\" src=\"https:\/\/i0.wp.com\/2017.lublin.wordcamp.org\/files\/2017\/06\/image1.png?resize=740%2C353\" alt=\"\" width=\"740\" height=\"353\" srcset=\"https:\/\/i0.wp.com\/lublin.wordcamp.org\/2017\/files\/2017\/06\/image1.png?w=1078&amp;ssl=1 1078w, https:\/\/i0.wp.com\/lublin.wordcamp.org\/2017\/files\/2017\/06\/image1.png?resize=370%2C176&amp;ssl=1 370w, https:\/\/i0.wp.com\/lublin.wordcamp.org\/2017\/files\/2017\/06\/image1.png?resize=768%2C366&amp;ssl=1 768w, https:\/\/i0.wp.com\/lublin.wordcamp.org\/2017\/files\/2017\/06\/image1.png?resize=740%2C353&amp;ssl=1 740w, https:\/\/i0.wp.com\/lublin.wordcamp.org\/2017\/files\/2017\/06\/image1.png?resize=500%2C238&amp;ssl=1 500w\" sizes=\"auto, (max-width: 706px) 89vw, (max-width: 767px) 82vw, 740px\" \/><\/p>\n<blockquote><p>&nbsp;<\/p>\n<p>W czasie swoich przyg\u00f3d, Wapuu dotar\u0142 do Koziego Grodu. Bardzo posmakowa\u0142y mu cebularze, przypad\u0142y do gustu ciapy i trajtki &#8211; \u015bmieszne busy na elektrycznych szelkach.<\/p>\n<p>Na pierwszy czerwcowy weekend, Wapuu zatrzyma\u0142 si\u0119 w Hotelu Victoria, chc\u0105c pods\u0142ucha\u0107\u00a0WordPressowych ploteczek.<\/p>\n<p>W czasie swoich wycieczek, Wapuu nazbiera\u0142 wiele gad\u017cet\u00f3w. Ch\u0119tnie si\u0119 nimi podzieli\u2026 pod warunkiem, \u017ce go z\u0142apiesz i rozwi\u0105\u017cesz zagadki, kt\u00f3re przygotowa\u0142.<\/p><\/blockquote>\n<h2>Zasady gry<\/h2>\n<ul>\n<li>Gra konferencyjna zosta\u0142a przygotowana dla uczestnik\u00f3w konferencji.<\/li>\n<li>Aby wzi\u0105\u0107 udzia\u0142 w grze nale\u017cy zg\u0142osi\u0107 si\u0119 do stoiska Lublin GameDev i pobra\u0107 kart\u0119 gry.<\/li>\n<li>Gra polega na wykonywaniu okre\u015blonych zada\u0144, kt\u00f3re rozmieszczone s\u0105 w r\u00f3\u017cnych miejscach\u00a0w obszarze konferencji. Miejsca oznaczone s\u0105 wizerunkiem Wapuu.<\/li>\n<li>Za wykonanie zada\u0144 gracz otrzyma naklejki, kt\u00f3re nale\u017cy umie\u015bci\u0107 na karcie gry.<\/li>\n<li>Po zebraniu 12 r\u00f3\u017cnych naklejek nale\u017cy zg\u0142osi\u0107 si\u0119 do stoiska Lublin GameDev. Pierwsze 100 os\u00f3b otrzyma paczk\u0119 z upominkami.<\/li>\n<\/ul>\n<h2>Organizatorzy<\/h2>\n<p>Organizatorami gry konferencyjnej \u201c\u0141ap Wapuu!!\u201d s\u0105:<\/p>\n<ul>\n<li><a href=\"http:\/\/lublin-gamedev.pl\/\">Fundacja Lublin GameDev<\/a> &#8211; fundacja wspierania rozwoju przedsi\u0119biorczo\u015bci, rozwoju potencja\u0142u kreatywnego regionu lubelszczyzny, zrzeszaj\u0105ca tw\u00f3rc\u00f3w, badaczy oraz entuzjast\u00f3w gier.<\/li>\n<li>WordCamp Lublin 2017<\/li>\n<\/ul>\n<h2>Sponsorzy<\/h2>\n<p>Paczki z upominkami dla uczestnik\u00f3w gry powsta\u0142y we wsp\u00f3\u0142pracy z:<\/p>\n<ul>\n<li><a href=\"https:\/\/www.smarthost.pl\/\" rel=\"nofollow\">SmartHost<\/a><\/li>\n<li><a href=\"https:\/\/www.lh.pl\/\" rel=\"nofollow\">LH.pl<\/a><\/li>\n<li><a href=\"http:\/\/infoshareacademy.com\/\" rel=\"nofollow\">infoShare Academy<\/a><\/li>\n<li><a href=\"http:\/\/www.lublin.eu\/\">Miasto Lublin<\/a><\/li>\n<li><a href=\"https:\/\/wpml.org\/\" rel=\"nofollow\">WPML<\/a><\/li>\n<li>WordCamp Lublin 2017<\/li>\n<\/ul>\n","protected":false},"excerpt":{"rendered":"<p>&nbsp; W czasie swoich przyg\u00f3d, Wapuu dotar\u0142 do Koziego Grodu. Bardzo posmakowa\u0142y mu cebularze, przypad\u0142y do gustu ciapy i trajtki &#8211; \u015bmieszne busy na elektrycznych szelkach. Na pierwszy czerwcowy weekend, Wapuu zatrzyma\u0142 si\u0119 w Hotelu Victoria, chc\u0105c pods\u0142ucha\u0107\u00a0WordPressowych ploteczek. W czasie swoich wycieczek, Wapuu nazbiera\u0142 wiele gad\u017cet\u00f3w. Ch\u0119tnie si\u0119 nimi podzieli\u2026 pod warunkiem, \u017ce go &hellip; <\/p>\n<p class=\"link-more\"><a href=\"https:\/\/lublin.wordcamp.org\/2017\/wapuu\/\" class=\"more-link\">Czytaj dalej<span class=\"screen-reader-text\"> \u201eWapuu\u201d<\/span><\/a><\/p>\n","protected":false},"author":13205134,"featured_media":0,"parent":0,"menu_order":0,"comment_status":"closed","ping_status":"closed","template":"","meta":{"jetpack_post_was_ever_published":false,"footnotes":""},"class_list":["post-2708","page","type-page","status-publish","hentry"],"jetpack_sharing_enabled":true,"_links":{"self":[{"href":"https:\/\/lublin.wordcamp.org\/2017\/wp-json\/wp\/v2\/pages\/2708","targetHints":{"allow":["GET"]}}],"collection":[{"href":"https:\/\/lublin.wordcamp.org\/2017\/wp-json\/wp\/v2\/pages"}],"about":[{"href":"https:\/\/lublin.wordcamp.org\/2017\/wp-json\/wp\/v2\/types\/page"}],"author":[{"embeddable":true,"href":"https:\/\/lublin.wordcamp.org\/2017\/wp-json\/wp\/v2\/users\/13205134"}],"replies":[{"embeddable":true,"href":"https:\/\/lublin.wordcamp.org\/2017\/wp-json\/wp\/v2\/comments?post=2708"}],"version-history":[{"count":19,"href":"https:\/\/lublin.wordcamp.org\/2017\/wp-json\/wp\/v2\/pages\/2708\/revisions"}],"predecessor-version":[{"id":2887,"href":"https:\/\/lublin.wordcamp.org\/2017\/wp-json\/wp\/v2\/pages\/2708\/revisions\/2887"}],"wp:attachment":[{"href":"https:\/\/lublin.wordcamp.org\/2017\/wp-json\/wp\/v2\/media?parent=2708"}],"curies":[{"name":"wp","href":"https:\/\/api.w.org\/{rel}","templated":true}]}}