{"id":392,"date":"2017-02-28T11:39:58","date_gmt":"2017-02-28T10:39:58","guid":{"rendered":"http:\/\/2017.lublin.wordcamp.org\/?page_id=392"},"modified":"2017-05-08T14:44:21","modified_gmt":"2017-05-08T12:44:21","slug":"czym-jest-wordcamp","status":"publish","type":"page","link":"https:\/\/lublin.wordcamp.org\/2017\/czym-jest-wordcamp\/","title":{"rendered":"Czym jest WordCamp?"},"content":{"rendered":"<p><strong>Co roku na ca\u0142ym \u015bwiecie odbywaj\u0105 si\u0119 WordCampy &#8211; spotkania tw\u00f3rc\u00f3w, u\u017cytkownik\u00f3w oraz przede wszystkim pasjonat\u00f3w WordPressa.<\/strong><\/p>\n<p>S\u0105 tutaj osoby, kt\u00f3re na WordPressie opieraj\u0105 sw\u00f3j biznes oraz ci, kt\u00f3rzy go po prostu lubi\u0105. Wszyscy tworz\u0105 globaln\u0105 spo\u0142eczno\u015b\u0107, kt\u00f3ra wsp\u00f3lnie przyczynia si\u0119 do ci\u0105g\u0142ego rozwoju WordPressa.<\/p>\n<figure style=\"width: 1024px\" class=\"wp-caption alignnone\"><img data-recalc-dims=\"1\" loading=\"lazy\" decoding=\"async\" src=\"https:\/\/i0.wp.com\/2017.lublin.wordcamp.org\/files\/2017\/02\/MG_8739-1024x683.jpg?resize=740%2C494\" alt=\"\" width=\"740\" height=\"494\" \/><figcaption class=\"wp-caption-text\">WordCamp Gdynia 2016<\/figcaption><\/figure>\n<h2>Podczas konferencji\u00a0we\u017amiesz udzia\u0142 w:<\/h2>\n<ul>\n<li><a href=\"https:\/\/2017.lublin.wordcamp.org\/czym-jest-contributor-day\/\">Contributor Day<\/a> (2 czerwca)<\/li>\n<li>prelekcjach i praktycznych warsztatach (3-4 czerwca)<\/li>\n<\/ul>\n<p><a href=\"https:\/\/2017.lublin.wordcamp.org\/program\/\">Szczego\u0142y program konferencji \u2192<\/a><\/p>\n<h2>Dlaczego WordPress?<\/h2>\n<p>WordPress to \u0142atwe w u\u017cyciu i bezp\u0142atne oprogramowanie, udost\u0119pniane na otwartej licencji przez firm\u0119 Automattic. 27% wszystkich stron internetowych opartych jest na WordPressie. Na WordPressie zbudowa\u0107 mo\u017cna wszystko: od niewielkiego, osobistego bloga do oficjalnej strony New York Timesa.<\/p>\n<h2>WordCamp w Polsce<\/h2>\n<p>Spotkanie w Lublinie b\u0119dzie ju\u017c \u00f3smym polskim WordCampem! Z roku na rok konferencja przyci\u0105ga coraz wi\u0119ksz\u0105 liczb\u0119 prelegent\u00f3w oraz uczestnik\u00f3w z kraju i zagranicy.<\/p>\n<p>Do tej pory spotkali\u015bmy si\u0119 w:<\/p>\n<ul>\n<li><a href=\"https:\/\/2016.gdynia.wordcamp.org\/\">2016 &#8211; Gdynia<\/a><\/li>\n<li><a href=\"https:\/\/2015.krakow.wordcamp.org\/\">2015 &#8211; Krak\u00f3w<\/a><\/li>\n<li><a href=\"https:\/\/2014.warsaw.wordcamp.org\/\">2014 &#8211; Warszawa<\/a><\/li>\n<li><a href=\"https:\/\/2013.wroclaw.wordcamp.org\/\">2013 &#8211; Wroc\u0142aw<\/a><\/li>\n<li><a href=\"https:\/\/2012.gdansk.wordcamp.org\/\">2012 &#8211; Gda\u0144sk<\/a><\/li>\n<li><a href=\"https:\/\/2011.poznan.wordcamp.org\/\">2011 &#8211; Pozna\u0144<\/a><\/li>\n<li><a href=\"http:\/\/wcp2010.wpninja.pl\/\">2010 &#8211; \u0141\u00f3d\u017a<\/a><\/li>\n<\/ul>\n","protected":false},"excerpt":{"rendered":"<p>Co roku na ca\u0142ym \u015bwiecie odbywaj\u0105 si\u0119 WordCampy &#8211; spotkania tw\u00f3rc\u00f3w, u\u017cytkownik\u00f3w oraz przede wszystkim pasjonat\u00f3w WordPressa. S\u0105 tutaj osoby, kt\u00f3re na WordPressie opieraj\u0105 sw\u00f3j biznes oraz ci, kt\u00f3rzy go po prostu lubi\u0105. Wszyscy tworz\u0105 globaln\u0105 spo\u0142eczno\u015b\u0107, kt\u00f3ra wsp\u00f3lnie przyczynia si\u0119 do ci\u0105g\u0142ego rozwoju WordPressa. Podczas konferencji\u00a0we\u017amiesz udzia\u0142 w: Contributor Day (2 czerwca) prelekcjach i &hellip; <\/p>\n<p class=\"link-more\"><a href=\"https:\/\/lublin.wordcamp.org\/2017\/czym-jest-wordcamp\/\" class=\"more-link\">Czytaj dalej<span class=\"screen-reader-text\"> \u201eCzym jest WordCamp?\u201d<\/span><\/a><\/p>\n","protected":false},"author":14983329,"featured_media":0,"parent":0,"menu_order":0,"comment_status":"closed","ping_status":"closed","template":"","meta":{"jetpack_post_was_ever_published":false,"footnotes":""},"class_list":["post-392","page","type-page","status-publish","hentry"],"jetpack_sharing_enabled":true,"_links":{"self":[{"href":"https:\/\/lublin.wordcamp.org\/2017\/wp-json\/wp\/v2\/pages\/392","targetHints":{"allow":["GET"]}}],"collection":[{"href":"https:\/\/lublin.wordcamp.org\/2017\/wp-json\/wp\/v2\/pages"}],"about":[{"href":"https:\/\/lublin.wordcamp.org\/2017\/wp-json\/wp\/v2\/types\/page"}],"author":[{"embeddable":true,"href":"https:\/\/lublin.wordcamp.org\/2017\/wp-json\/wp\/v2\/users\/14983329"}],"replies":[{"embeddable":true,"href":"https:\/\/lublin.wordcamp.org\/2017\/wp-json\/wp\/v2\/comments?post=392"}],"version-history":[{"count":17,"href":"https:\/\/lublin.wordcamp.org\/2017\/wp-json\/wp\/v2\/pages\/392\/revisions"}],"predecessor-version":[{"id":2149,"href":"https:\/\/lublin.wordcamp.org\/2017\/wp-json\/wp\/v2\/pages\/392\/revisions\/2149"}],"wp:attachment":[{"href":"https:\/\/lublin.wordcamp.org\/2017\/wp-json\/wp\/v2\/media?parent=392"}],"curies":[{"name":"wp","href":"https:\/\/api.w.org\/{rel}","templated":true}]}}