{"id":397,"date":"2017-02-28T11:46:43","date_gmt":"2017-02-28T10:46:43","guid":{"rendered":"http:\/\/2017.lublin.wordcamp.org\/?page_id=397"},"modified":"2017-06-19T11:48:13","modified_gmt":"2017-06-19T09:48:13","slug":"czym-jest-contributor-day","status":"publish","type":"page","link":"https:\/\/lublin.wordcamp.org\/2017\/czym-jest-contributor-day\/","title":{"rendered":"Czym jest Contributor Day?"},"content":{"rendered":"<p>Wpadnij do Lublina ju\u017c w pi\u0105tek, 2 czerwca 2017 r. i zacznij wsp\u00f3\u0142tworzy\u0107 WordPressa!<\/p>\n<p><img data-recalc-dims=\"1\" loading=\"lazy\" decoding=\"async\" data-attachment-id=\"402\" data-permalink=\"https:\/\/lublin.wordcamp.org\/2017\/czym-jest-contributor-day\/contributor\/\" data-orig-file=\"https:\/\/i0.wp.com\/lublin.wordcamp.org\/2017\/files\/2017\/02\/contributor.jpg?fit=1500%2C1000&amp;ssl=1\" data-orig-size=\"1500,1000\" data-comments-opened=\"1\" data-image-meta=\"{&quot;aperture&quot;:&quot;0&quot;,&quot;credit&quot;:&quot;1&quot;,&quot;camera&quot;:&quot;&quot;,&quot;caption&quot;:&quot;&quot;,&quot;created_timestamp&quot;:&quot;1415968734&quot;,&quot;copyright&quot;:&quot;&quot;,&quot;focal_length&quot;:&quot;0&quot;,&quot;iso&quot;:&quot;0&quot;,&quot;shutter_speed&quot;:&quot;0&quot;,&quot;title&quot;:&quot;&quot;,&quot;orientation&quot;:&quot;0&quot;}\" data-image-title=\"contributor\" data-image-description=\"\" data-image-caption=\"\" data-medium-file=\"https:\/\/i0.wp.com\/lublin.wordcamp.org\/2017\/files\/2017\/02\/contributor.jpg?fit=300%2C200&amp;ssl=1\" data-large-file=\"https:\/\/i0.wp.com\/lublin.wordcamp.org\/2017\/files\/2017\/02\/contributor.jpg?fit=740%2C494&amp;ssl=1\" class=\"alignnone wp-image-402 size-large\" src=\"https:\/\/i0.wp.com\/2017.lublin.wordcamp.org\/files\/2017\/02\/contributor-1024x683.jpg?resize=740%2C493\" alt=\"\" width=\"740\" height=\"493\" srcset=\"https:\/\/i0.wp.com\/lublin.wordcamp.org\/2017\/files\/2017\/02\/contributor.jpg?resize=1024%2C683&amp;ssl=1 1024w, https:\/\/i0.wp.com\/lublin.wordcamp.org\/2017\/files\/2017\/02\/contributor.jpg?resize=300%2C200&amp;ssl=1 300w, https:\/\/i0.wp.com\/lublin.wordcamp.org\/2017\/files\/2017\/02\/contributor.jpg?resize=768%2C512&amp;ssl=1 768w, https:\/\/i0.wp.com\/lublin.wordcamp.org\/2017\/files\/2017\/02\/contributor.jpg?resize=450%2C300&amp;ssl=1 450w, https:\/\/i0.wp.com\/lublin.wordcamp.org\/2017\/files\/2017\/02\/contributor.jpg?w=1500&amp;ssl=1 1500w\" sizes=\"auto, (max-width: 706px) 89vw, (max-width: 767px) 82vw, 740px\" \/><\/p>\n<h2>Na czym polega Contributor Day?<\/h2>\n<p>To wyj\u0105tkowe, bezp\u0142atne spotkanie, podczas kt\u00f3rego b\u0119dziesz mie\u0107 okazj\u0119 do\u0142\u0105czy\u0107 do grona ludzi tworz\u0105cych <a href=\"https:\/\/wordpress.org\">WordPressa<\/a> \u2013 otwartego systemu nap\u0119dzaj\u0105cego ponad <strong>27% wszystkich stron w internecie<\/strong>.<\/p>\n<p>Niezale\u017cnie od tego, czy zajmujesz si\u0119 programowaniem, projektowaniem, lubisz rozwi\u0105zywa\u0107 problemy innych u\u017cytkownik\u00f3w, wspiera\u0107 polsk\u0105 wersj\u0119 WordPressa, czy te\u017c rozwija\u0107 lokaln\u0105 spo\u0142eczno\u015b\u0107 \u2013 na pewno znajdziesz tu co\u015b dla siebie.<\/p>\n<p>Do\u015bwiadczone osoby pomog\u0105 Ci wybra\u0107 odpowiedni\u0105 tematyk\u0119 i pomog\u0105 postawi\u0107 pierwsze kroki przy rozwi\u0105zywaniu konkretnych zada\u0144.<\/p>\n<p>Oto parametry tegorocznego Contributor Day:<\/p>\n<ul>\n<li>data: 2 czerwca 2017 r. (pi\u0105tek)<\/li>\n<li>miejsce: <a href=\"https:\/\/2017.lublin.wordcamp.org\/lokalizacja\/\">Hotel Victoria, Lublin<\/a><\/li>\n<li>godzina: 10:00 \u2013 18:00<\/li>\n<\/ul>\n<p>Na spotkanie zaplanowali\u015bmy <strong>8 godzin, ale mo\u017cesz odwiedzi\u0107 nas w dowolnym momencie<\/strong>. Nie przejmuj si\u0119 je\u015bli nie uda Ci si\u0119 dotrze\u0107 na czas lub musisz wyj\u015b\u0107 wcze\u015bniej. Twoja obecno\u015b\u0107, nawet ta chwilowa, b\u0119dzie dla nas tak samo wa\u017cna!<\/p>\n<h2>Czym b\u0119dziemy si\u0119 zajmowa\u0107?<\/h2>\n<p><strong>Poprawki do WordPress (Core)<\/strong><\/p>\n<p style=\"padding-left: 30px\">G\u0142\u00f3wny zesp\u00f3\u0142 tworz\u0105cy WordPressa. Niezale\u017cnie od tego, czy jeste\u015b do\u015bwiadczonym programist\u0105, czy po prostu uczysz si\u0119 kodu, chcieliby\u015bmy, mie\u0107 Ciebie na pok\u0142adzie. Mo\u017cesz tworzy\u0107 nowy kod, naprawi\u0107 b\u0142\u0119dy, dyskutowa\u0107 nad mo\u017cliwo\u015bciami i pom\u00f3c w rozwoju.<\/p>\n<p><strong>T\u0142umaczenia (Polyglots)<\/strong><\/p>\n<p style=\"padding-left: 30px\">WordPress jest u\u017cywany na ca\u0142ym \u015bwiecie w wielu r\u00f3\u017cnych j\u0119zykach. Je\u015bli jeste\u015b poligot\u0105, pom\u00f3\u017c w t\u0142umaczeniu WordPressa na sw\u00f3j w\u0142asny j\u0119zyk.<\/p>\n<p><strong>Praca na oficjalnym forum pomocy technicznej WordPress (Support)<\/strong><\/p>\n<p style=\"padding-left: 30px\">Odpowiadanie na pytania na forach wsparcia lub IRCu to jeden z najprostszych sposob\u00f3w na dodanie swojej cegie\u0142ki w spo\u0142eczno\u015bci WordPressa. Przecie\u017c ka\u017cdy zna odpowied\u017a na jakie\u015b pytania \ud83d\ude42<\/p>\n<p><strong>Weryfikacja motyw\u00f3w (Themes)<\/strong><\/p>\n<p style=\"padding-left: 30px\">Zesp\u00f3\u0142 recenzji motyw\u00f3w sprawdza i akceptuje wszystkie motywy przes\u0142ane do repozytorium WordPress Theme. Przegl\u0105danie obcych motyw\u00f3w zwi\u0119ksza Twoje umiej\u0119tno\u015bci tworzenia motyw\u00f3w w\u0142asnych!<\/p>\n<p><strong>Opracowywanie dokumentacji (Documentation)<\/strong><\/p>\n<p style=\"padding-left: 30px\">Dobra dokumentacja pozwala ludziom ruszy\u0107 z miejsca, kiedy utkn\u0119li. Zesp\u00f3\u0142 odpowiedzialny za tworzenie dokumentacji zawsze poszukuje ch\u0119tnych do tworzenia nowych tre\u015bci&#8230;<\/p>\n<p><strong>Napisy do film\u00f3w na WordPress TV<\/strong><\/p>\n<p style=\"padding-left: 30px\">Zesp\u00f3\u0142 TV sprawdza i zatwierdza ka\u017cdy plik wideo przes\u0142any do serwisu WordPress.tv. Pomagaj\u0105 r\u00f3wnie\u017c organizatorom WordCamp\u00f3w w postprodukcji wideo i s\u0105 odpowiedzialni za napisy do opublikowanych film\u00f3w.<\/p>\n<p>Wi\u0119cej: <a href=\"https:\/\/make.wordpress.org\/\">https:\/\/make.wordpress.org\/<\/a><\/p>\n<h2>Co b\u0119dzie potrzebne?<\/h2>\n<ul>\n<li>laptop<\/li>\n<li>konto na <a href=\"https:\/\/wordpress.org\">wordpress.org<\/a><\/li>\n<li>je\u015bli zamierzasz uczestniczy\u0107 w pracach nad kodem WordPressa (dotyczy tak\u017ce recenzji motyw\u00f3w) to b\u0119dziesz potrzebowa\u0107 te\u017c lokalnego serwera (np. XAMPP lub inne).<\/li>\n<\/ul>\n","protected":false},"excerpt":{"rendered":"<p>Wpadnij do Lublina ju\u017c w pi\u0105tek, 2 czerwca 2017 r. i zacznij wsp\u00f3\u0142tworzy\u0107 WordPressa! Na czym polega Contributor Day? To wyj\u0105tkowe, bezp\u0142atne spotkanie, podczas kt\u00f3rego b\u0119dziesz mie\u0107 okazj\u0119 do\u0142\u0105czy\u0107 do grona ludzi tworz\u0105cych WordPressa \u2013 otwartego systemu nap\u0119dzaj\u0105cego ponad 27% wszystkich stron w internecie. Niezale\u017cnie od tego, czy zajmujesz si\u0119 programowaniem, projektowaniem, lubisz rozwi\u0105zywa\u0107 problemy &hellip; <\/p>\n<p class=\"link-more\"><a href=\"https:\/\/lublin.wordcamp.org\/2017\/czym-jest-contributor-day\/\" class=\"more-link\">Czytaj dalej<span class=\"screen-reader-text\"> \u201eCzym jest Contributor Day?\u201d<\/span><\/a><\/p>\n","protected":false},"author":14983329,"featured_media":0,"parent":0,"menu_order":0,"comment_status":"closed","ping_status":"closed","template":"","meta":{"jetpack_post_was_ever_published":false,"footnotes":""},"class_list":["post-397","page","type-page","status-publish","hentry"],"jetpack_sharing_enabled":true,"_links":{"self":[{"href":"https:\/\/lublin.wordcamp.org\/2017\/wp-json\/wp\/v2\/pages\/397","targetHints":{"allow":["GET"]}}],"collection":[{"href":"https:\/\/lublin.wordcamp.org\/2017\/wp-json\/wp\/v2\/pages"}],"about":[{"href":"https:\/\/lublin.wordcamp.org\/2017\/wp-json\/wp\/v2\/types\/page"}],"author":[{"embeddable":true,"href":"https:\/\/lublin.wordcamp.org\/2017\/wp-json\/wp\/v2\/users\/14983329"}],"replies":[{"embeddable":true,"href":"https:\/\/lublin.wordcamp.org\/2017\/wp-json\/wp\/v2\/comments?post=397"}],"version-history":[{"count":25,"href":"https:\/\/lublin.wordcamp.org\/2017\/wp-json\/wp\/v2\/pages\/397\/revisions"}],"predecessor-version":[{"id":3643,"href":"https:\/\/lublin.wordcamp.org\/2017\/wp-json\/wp\/v2\/pages\/397\/revisions\/3643"}],"wp:attachment":[{"href":"https:\/\/lublin.wordcamp.org\/2017\/wp-json\/wp\/v2\/media?parent=397"}],"curies":[{"name":"wp","href":"https:\/\/api.w.org\/{rel}","templated":true}]}}